{"id":3,"date":"2020-05-26T16:02:17","date_gmt":"2020-05-26T14:02:17","guid":{"rendered":"http:\/\/futur.linoludovic.fr\/?page_id=3"},"modified":"2024-09-30T13:16:13","modified_gmt":"2024-09-30T11:16:13","slug":"confidentialite","status":"publish","type":"page","link":"https:\/\/linoludovic.fr\/blog\/confidentialite\/","title":{"rendered":"Politique de confidentialit\u00e9"},"content":{"rendered":"\n<p class=\"justify\">Lino Ludovic, photographe mariage Lyon est auto-enteprenneur sous le num\u00e9ro siret 82270618000020, il est le responsable du traitement des donn\u00e9es collect\u00e9es sur le site de Lino Ludovic.<\/p>\n\n\n\n<h3 class=\"wp-block-heading\">Utilisation des donn\u00e9es personnelles collect\u00e9es<\/h3>\n\n\n\n<p class=\"justify\">L\u2019utilisateur est notamment inform\u00e9 que conform\u00e9ment \u00e0 l\u2019article 32 de la loi Informatique et libert\u00e9s du 6 janvier 1978 modifi\u00e9e, les informations qu\u2019il communique par les formulaires pr\u00e9sents sur le site de&nbsp;Lino Ludovic&nbsp;sont n\u00e9cessaires au photographe de mariage Lyon pour r\u00e9pondre \u00e0 sa demande et sont destin\u00e9es aux services en charge de r\u00e9pondre \u00e0 sa demande \u00e0 des fins de suivi de cette demande. <\/p>\n\n\n\n<h3 class=\"wp-block-heading\">Cookies<\/h3>\n\n\n\n<p class=\"justify\">L\u2019utilisateur est inform\u00e9 que lors de ses visites sur le site&nbsp;www.linoludovic.fr, des cookies peuvent s\u2019installer automatiquement sur son logiciel de navigation. Les cookies sont des bloc de donn\u00e9es qui ne permet pas d\u2019identifier les utilisateurs mais sert \u00e0 enregistrer des informations relatives \u00e0 la navigation de celui-ci sur le site.<\/p>\n\n\n\n<p class=\"justify\">Si vous d\u00e9posez un commentaire sur notre site, il vous sera propos\u00e9 d\u2019enregistrer votre nom, adresse de messagerie et site web dans des cookies. C\u2019est uniquement pour votre confort afin de ne pas avoir \u00e0 saisir ces informations si vous d\u00e9posez un autre commentaire plus tard. Ces cookies expirent au bout d\u2019un an.<\/p>\n\n\n\n<p class=\"justify\">Les commentaires des visiteurs peuvent \u00eatre v\u00e9rifi\u00e9s \u00e0 l\u2019aide d\u2019un service automatis\u00e9 de d\u00e9tection des commentaires ind\u00e9sirables.<\/p>\n\n\n\n<p class=\"justify\">Si vous vous rendez sur la page de connexion, un cookie temporaire sera cr\u00e9\u00e9 afin de d\u00e9terminer si votre navigateur accepte les cookies. Il ne contient pas de donn\u00e9es personnelles et sera supprim\u00e9 automatiquement \u00e0 la fermeture de votre navigateur.<\/p>\n\n\n\n<p class=\"justify\">Lorsque vous vous connecterez, nous mettrons en place un certain nombre de cookies pour enregistrer vos informations de connexion et vos pr\u00e9f\u00e9rences d\u2019\u00e9cran. La dur\u00e9e de vie d\u2019un cookie de connexion est de deux jours, celle d\u2019un cookie d\u2019option d\u2019\u00e9cran est d\u2019un an. Si vous cochez \u00ab&nbsp;Se souvenir de moi&nbsp;\u00bb, votre cookie de connexion sera conserv\u00e9 pendant deux semaines. Si vous vous d\u00e9connectez de votre compte, le cookie de connexion sera effac\u00e9.<\/p>\n\n\n\n<p class=\"justify\">En modifiant ou en publiant une publication, un cookie suppl\u00e9mentaire sera enregistr\u00e9 dans votre navigateur. Ce cookie ne comprend aucune donn\u00e9e personnelle. Il indique simplement l\u2019ID de la publication que vous venez de modifier. Il expire au bout d\u2019un jour.<\/p>\n\n\n\n<h3 class=\"wp-block-heading\">Contenu embarqu\u00e9 depuis d\u2019autres sites<\/h3>\n\n\n\n<p class=\"justify\">Les articles de ce site peuvent inclure des contenus int\u00e9gr\u00e9s (par exemple des vid\u00e9os, images, articles\u2026). Le contenu int\u00e9gr\u00e9 depuis d\u2019autres sites se comporte de la m\u00eame mani\u00e8re que si le visiteur se rendait sur cet autre site.<\/p>\n\n\n\n<p class=\"justify\">Ces sites web pourraient collecter des donn\u00e9es sur vous, utiliser des cookies, embarquer des outils de suivis tiers, suivre vos interactions avec ces contenus embarqu\u00e9s si vous disposez d\u2019un compte connect\u00e9 sur leur site web.<\/p>\n\n\n\n<h3 class=\"wp-block-heading\">Dur\u00e9es de stockage de vos donn\u00e9es<\/h3>\n\n\n\n<p class=\"justify\">Si vous laissez un commentaire, le commentaire et ses m\u00e9tadonn\u00e9es sont conserv\u00e9s ind\u00e9finiment. Cela permet de reconna\u00eetre et approuver automatiquement les commentaires suivants au lieu de les laisser dans la file de mod\u00e9ration.<br>Les informations recueillies sur ce site (mail, t\u00e9l\u00e9phone, nom pr\u00e9nom ...) seront conserv\u00e9es pendant une dur\u00e9e de trois ans<\/p>\n\n\n\n<p><\/p>\n\n\n\n<h3 class=\"wp-block-heading\">Les droits que vous avez sur vos donn\u00e9es<\/h3>\n\n\n\n<p class=\"justify\">Conform\u00e9ment aux dispositions des articles 39 et 40 de la loi \u00ab Informatique et Libert\u00e9s \u00bb du 6 janvier 1978 modifi\u00e9e en 2004, l\u2019utilisateur b\u00e9n\u00e9ficie d\u2019un droit d\u2019acc\u00e8s, de rectification, de mise \u00e0 jour et d\u2019effacement des informations qui le concernent, qu\u2019il peut exercer en s\u2019adressant au photographe mariage Lyon par mail \u00e0 : contact@linoludovic.fr, ou par courrier \u00e0&nbsp;Lino Ludovic,&nbsp;30 impasse des coquelicots, 42110 Salvizinet, en pr\u00e9cisant dans l\u2019objet du courrier \u00ab Droit des personnes \u00bb et en joignant la copie de son justificatif d\u2019identit\u00e9. &nbsp;<\/p>\n\n\n\n<p class=\"justify\">Vous b\u00e9n\u00e9ficiez \u00e9galement du droit de donner des directives sur le sort de vos donn\u00e9es apr\u00e8s votre d\u00e9c\u00e8s. Conform\u00e9ment aux dispositions de l\u2019article 38 de la loi \u00ab Informatique et Libert\u00e9s \u00bb du 6 janvier 1978 modifi\u00e9e en 2004, l\u2019utilisateur peut \u00e9galement s\u2019opposer, pour des motifs l\u00e9gitimes \u00e0 ce que ses donn\u00e9es fassent l\u2019objet d\u2019un traitement et sans motif et sans frais, \u00e0 ce que ses donn\u00e9es soient utilis\u00e9es \u00e0 des fins de prospection commerciale. &nbsp;<\/p>\n\n\n\n<p class=\"justify\">L\u2019utilisateur du site de&nbsp;Lino Ludovic Photographie&nbsp;est tenu de respecter les dispositions de la loi Informatique et libert\u00e9s du 6 janvier 1978 modifi\u00e9e dont la violation est passible de sanctions p\u00e9nales. Il doit notamment s\u2019abstenir, s\u2019agissant des informations nominatives auxquelles il acc\u00e8de, de toute collecte, de toute utilisation d\u00e9tourn\u00e9e, et d\u2019une mani\u00e8re g\u00e9n\u00e9rale, de tout acte susceptible de porter atteinte \u00e0 la vie priv\u00e9e ou \u00e0 la r\u00e9putation des personnes.<\/p>\n","protected":false},"excerpt":{"rendered":"<p>Lino Ludovic, photographe mariage Lyon est auto-enteprenneur sous le num\u00e9ro siret 82270618000020, il est le responsable du traitement des donn\u00e9es collect\u00e9es sur le site de Lino Ludovic. Utilisation des donn\u00e9es personnelles collect\u00e9es L\u2019utilisateur est notamment inform\u00e9 que conform\u00e9ment \u00e0 l\u2019article 32 de la loi Informatique et libert\u00e9s du 6 janvier 1978 modifi\u00e9e, les informations qu\u2019il&#8230;<\/p>\n","protected":false},"author":1,"featured_media":0,"parent":0,"menu_order":0,"comment_status":"closed","ping_status":"closed","template":"","meta":{"rank_math_lock_modified_date":false,"footnotes":""},"class_list":["post-3","page","type-page","status-publish","hentry"],"fbg_featured_image_src":{"full":false,"thumbnail":false,"medium":false,"medium_large":false,"large":false,"1536x1536":false,"2048x2048":false},"fbg_excerpt":"Lino Ludovic, photographe mariage Lyon est auto-enteprenneur sous le num\u00e9ro siret 82270618000020, il est le responsable du traitement des donn\u00e9es collect\u00e9es sur le site de Lino Ludovic. Utilisation des donn\u00e9es personnelles collect\u00e9es L\u2019utilisateur est notamment inform\u00e9 que conform\u00e9ment \u00e0 l\u2019article 32 de la loi Informatique et libert\u00e9s du 6 janvier 1978 modifi\u00e9e, les informations qu\u2019il...","_links":{"self":[{"href":"https:\/\/linoludovic.fr\/blog\/wp-json\/wp\/v2\/pages\/3","targetHints":{"allow":["GET"]}}],"collection":[{"href":"https:\/\/linoludovic.fr\/blog\/wp-json\/wp\/v2\/pages"}],"about":[{"href":"https:\/\/linoludovic.fr\/blog\/wp-json\/wp\/v2\/types\/page"}],"author":[{"embeddable":true,"href":"https:\/\/linoludovic.fr\/blog\/wp-json\/wp\/v2\/users\/1"}],"replies":[{"embeddable":true,"href":"https:\/\/linoludovic.fr\/blog\/wp-json\/wp\/v2\/comments?post=3"}],"version-history":[{"count":6,"href":"https:\/\/linoludovic.fr\/blog\/wp-json\/wp\/v2\/pages\/3\/revisions"}],"predecessor-version":[{"id":11314,"href":"https:\/\/linoludovic.fr\/blog\/wp-json\/wp\/v2\/pages\/3\/revisions\/11314"}],"wp:attachment":[{"href":"https:\/\/linoludovic.fr\/blog\/wp-json\/wp\/v2\/media?parent=3"}],"curies":[{"name":"wp","href":"https:\/\/api.w.org\/{rel}","templated":true}]}}